{"id":2320,"date":"2023-12-18T11:47:16","date_gmt":"2023-12-18T09:47:16","guid":{"rendered":"https:\/\/aktesteatre.com\/espectaculos-aktes\/espectaculos-talleres-creativos\/"},"modified":"2023-12-18T16:55:21","modified_gmt":"2023-12-18T14:55:21","slug":"espectaculos-talleres-creativos","status":"publish","type":"page","link":"https:\/\/aktesteatre.com\/es\/espectaculos-aktes\/espectaculos-talleres-creativos\/","title":{"rendered":"Espect\u00e1culos &#8211; Talleres creativos"},"content":{"rendered":"<p>[et_pb_section fb_built=\u00bb1&#8243; _builder_version=\u00bb4.23.1&#8243; _module_preset=\u00bbdefault\u00bb background_color=\u00bb#FF8800&#8243; custom_margin=\u00bb0px||0px||true|false\u00bb custom_padding=\u00bb60px||60px||true|false\u00bb hover_enabled=\u00bb0&#8243; locked=\u00bboff\u00bb global_colors_info=\u00bb{}\u00bb sticky_enabled=\u00bb0&#8243;][et_pb_row _builder_version=\u00bb4.23.1&#8243; _module_preset=\u00bbdefault\u00bb custom_margin=\u00bb0px||0px||true|false\u00bb custom_padding=\u00bb0px||0px||true|false\u00bb global_colors_info=\u00bb{}\u00bb][et_pb_column type=\u00bb4_4&#8243; _builder_version=\u00bb4.23.1&#8243; _module_preset=\u00bbdefault\u00bb global_colors_info=\u00bb{}\u00bb][et_pb_text _builder_version=\u00bb4.23.1&#8243; _module_preset=\u00bbdefault\u00bb header_text_color=\u00bb#FFFFFF\u00bb header_font_size=\u00bb60px\u00bb header_letter_spacing=\u00bb1px\u00bb background_color=\u00bbRGBA(255,255,255,0)\u00bb custom_margin=\u00bb||0px||false|false\u00bb custom_padding=\u00bb||0px||false|false\u00bb global_colors_info=\u00bb{}\u00bb]<\/p>\n<h1>Talleres creativos<\/h1>\n<p>[\/et_pb_text][et_pb_text admin_label=\u00bbBreadcrumb\u00bb module_id=\u00bbbreadcrumb\u00bb _builder_version=\u00bb4.23.1&#8243; _module_preset=\u00bbdefault\u00bb text_text_color=\u00bb#000000&#8243; text_font_size=\u00bb12px\u00bb link_font=\u00bb||||on||||\u00bb link_text_color=\u00bb#000000&#8243; link_font_size=\u00bb12px\u00bb custom_margin=\u00bb0px||||false|false\u00bb custom_padding=\u00bb0px||||false|false\u00bb custom_css_free_form=\u00bbcolor: red;\u00bb global_module=\u00bb2394&#8243; global_colors_info=\u00bb{}\u00bb text_text_color__hover_enabled=\u00bbon|hover\u00bb text_text_color__hover=\u00bb\u00bb]<\/p>\n<span><span><a href=\"https:\/\/aktesteatre.com\/es\/inicio\/\">Inici<\/a><\/span><\/span>\n<p>[\/et_pb_text][\/et_pb_column][\/et_pb_row][\/et_pb_section][et_pb_section fb_built=\u00bb1&#8243; _builder_version=\u00bb4.23.1&#8243; _module_preset=\u00bbdefault\u00bb use_background_color_gradient=\u00bbon\u00bb background_color_gradient_direction=\u00bb0deg\u00bb background_color_gradient_stops=\u00bb#ffffff 0%|rgba(255,136,0,0.3) 100%\u00bb background_image=\u00bbhttps:\/\/aktesteatre.com\/wp-content\/uploads\/2023\/11\/Aktes_Portada-1-1.png\u00bb background_repeat=\u00bbspace\u00bb locked=\u00bboff\u00bb global_colors_info=\u00bb{}\u00bb][et_pb_row _builder_version=\u00bb4.23.1&#8243; _module_preset=\u00bbdefault\u00bb global_colors_info=\u00bb{}\u00bb][et_pb_column type=\u00bb4_4&#8243; _builder_version=\u00bb4.23.1&#8243; _module_preset=\u00bbdefault\u00bb global_colors_info=\u00bb{}\u00bb][et_pb_text _builder_version=\u00bb4.23.1&#8243; _module_preset=\u00bbdefault\u00bb global_colors_info=\u00bb{}\u00bb]<\/p>\n<p>Disponemos de una variedad de talleres pr\u00e1cticos y creativos que pueden complementar otras actividades.<br \/>Ponte en contacto con nosotros si quieres que m\u00e1s informaci\u00f3n de los talleres.<\/p>\n<p>[\/et_pb_text][\/et_pb_column][\/et_pb_row][et_pb_row column_structure=\u00bb1_4,1_4,1_4,1_4&#8243; _builder_version=\u00bb4.23.1&#8243; _module_preset=\u00bbdefault\u00bb global_colors_info=\u00bb{}\u00bb][et_pb_column type=\u00bb1_4&#8243; _builder_version=\u00bb4.23.1&#8243; _module_preset=\u00bbdefault\u00bb global_colors_info=\u00bb{}\u00bb][et_pb_blurb title=\u00bbTaller de chapas\u00bb image=\u00bbhttps:\/\/aktesteatre.com\/wp-content\/uploads\/2023\/12\/taller_xapes.jpg\u00bb icon_alignment=\u00bbleft\u00bb _builder_version=\u00bb4.23.1&#8243; _module_preset=\u00bbdefault\u00bb body_font_size=\u00bb16px\u00bb custom_margin=\u00bb0px|0px|0px|0px|true|true\u00bb custom_padding=\u00bb0px|0px|0px|0px|true|true\u00bb global_colors_info=\u00bb{}\u00bb][\/et_pb_blurb][\/et_pb_column][et_pb_column type=\u00bb1_4&#8243; _builder_version=\u00bb4.23.1&#8243; _module_preset=\u00bbdefault\u00bb global_colors_info=\u00bb{}\u00bb][et_pb_blurb title=\u00bbTaller de imanes de nevera\u00bb use_icon=\u00bbon\u00bb font_icon=\u00bb&#xf630;||fa||900&#8243; icon_color=\u00bb#221A80&#8243; icon_alignment=\u00bbleft\u00bb _builder_version=\u00bb4.23.1&#8243; _module_preset=\u00bbdefault\u00bb body_font_size=\u00bb16px\u00bb custom_margin=\u00bb0px|0px|0px|0px|true|true\u00bb custom_padding=\u00bb0px|0px|0px|0px|true|true\u00bb global_colors_info=\u00bb{}\u00bb][\/et_pb_blurb][\/et_pb_column][et_pb_column type=\u00bb1_4&#8243; _builder_version=\u00bb4.23.1&#8243; _module_preset=\u00bbdefault\u00bb global_colors_info=\u00bb{}\u00bb][et_pb_blurb title=\u00bbTaller de puntos de libro\u00bb image=\u00bbhttps:\/\/aktesteatre.com\/wp-content\/uploads\/2023\/12\/taller_punts_llibre_1.jpg\u00bb icon_alignment=\u00bbleft\u00bb _builder_version=\u00bb4.23.1&#8243; _module_preset=\u00bbdefault\u00bb body_font_size=\u00bb16px\u00bb custom_margin=\u00bb0px|0px|0px|0px|true|true\u00bb custom_padding=\u00bb0px|0px|0px|0px|true|true\u00bb global_colors_info=\u00bb{}\u00bb][\/et_pb_blurb][\/et_pb_column][et_pb_column type=\u00bb1_4&#8243; _builder_version=\u00bb4.23.1&#8243; _module_preset=\u00bbdefault\u00bb global_colors_info=\u00bb{}\u00bb][et_pb_blurb title=\u00bbTaller de collage\u00bb image=\u00bbhttps:\/\/aktesteatre.com\/wp-content\/uploads\/2023\/12\/taller_collage_1.jpg\u00bb icon_alignment=\u00bbleft\u00bb _builder_version=\u00bb4.23.1&#8243; _module_preset=\u00bbdefault\u00bb body_font_size=\u00bb16px\u00bb custom_margin=\u00bb0px|0px|0px|0px|true|true\u00bb custom_padding=\u00bb0px|0px|0px|0px|true|true\u00bb global_colors_info=\u00bb{}\u00bb][\/et_pb_blurb][\/et_pb_column][\/et_pb_row][et_pb_row column_structure=\u00bb1_4,1_4,1_4,1_4&#8243; _builder_version=\u00bb4.23.1&#8243; _module_preset=\u00bbdefault\u00bb global_colors_info=\u00bb{}\u00bb][et_pb_column type=\u00bb1_4&#8243; _builder_version=\u00bb4.23.1&#8243; _module_preset=\u00bbdefault\u00bb global_colors_info=\u00bb{}\u00bb][et_pb_blurb title=\u00bbTaller de pintar m\u00e1scara\u00bb use_icon=\u00bbon\u00bb font_icon=\u00bb&#xf630;||fa||900&#8243; icon_color=\u00bb#221A80&#8243; icon_alignment=\u00bbleft\u00bb _builder_version=\u00bb4.23.1&#8243; _module_preset=\u00bbdefault\u00bb body_font_size=\u00bb16px\u00bb custom_margin=\u00bb0px|0px|0px|0px|true|true\u00bb custom_padding=\u00bb0px|0px|0px|0px|true|true\u00bb global_colors_info=\u00bb{}\u00bb][\/et_pb_blurb][\/et_pb_column][et_pb_column type=\u00bb1_4&#8243; _builder_version=\u00bb4.23.1&#8243; _module_preset=\u00bbdefault\u00bb global_colors_info=\u00bb{}\u00bb][et_pb_blurb title=\u00bbTaller de personajes reciclados\u00bb use_icon=\u00bbon\u00bb font_icon=\u00bb&#xf630;||fa||900&#8243; icon_color=\u00bb#221A80&#8243; icon_alignment=\u00bbleft\u00bb _builder_version=\u00bb4.23.1&#8243; _module_preset=\u00bbdefault\u00bb body_font_size=\u00bb16px\u00bb custom_margin=\u00bb0px|0px|0px|0px|true|true\u00bb custom_padding=\u00bb0px|0px|0px|0px|true|true\u00bb global_colors_info=\u00bb{}\u00bb][\/et_pb_blurb][\/et_pb_column][et_pb_column type=\u00bb1_4&#8243; _builder_version=\u00bb4.23.1&#8243; _module_preset=\u00bbdefault\u00bb global_colors_info=\u00bb{}\u00bb][et_pb_blurb title=\u00bbTaller de juguetes reciclados\u00bb use_icon=\u00bbon\u00bb font_icon=\u00bb&#xf630;||fa||900&#8243; icon_color=\u00bb#221A80&#8243; icon_alignment=\u00bbleft\u00bb _builder_version=\u00bb4.23.1&#8243; _module_preset=\u00bbdefault\u00bb body_font_size=\u00bb16px\u00bb custom_margin=\u00bb0px|0px|0px|0px|true|true\u00bb custom_padding=\u00bb0px|0px|0px|0px|true|true\u00bb global_colors_info=\u00bb{}\u00bb][\/et_pb_blurb][\/et_pb_column][et_pb_column type=\u00bb1_4&#8243; _builder_version=\u00bb4.23.1&#8243; _module_preset=\u00bbdefault\u00bb global_colors_info=\u00bb{}\u00bb][et_pb_blurb title=\u00bbTaller de sal de colores\u00bb use_icon=\u00bbon\u00bb font_icon=\u00bb&#xf630;||fa||900&#8243; icon_color=\u00bb#221A80&#8243; icon_alignment=\u00bbleft\u00bb _builder_version=\u00bb4.23.1&#8243; _module_preset=\u00bbdefault\u00bb body_font_size=\u00bb16px\u00bb custom_margin=\u00bb0px|0px|0px|0px|true|true\u00bb custom_padding=\u00bb0px|0px|0px|0px|true|true\u00bb global_colors_info=\u00bb{}\u00bb][\/et_pb_blurb][\/et_pb_column][\/et_pb_row][\/et_pb_section][et_pb_section fb_built=\u00bb1&#8243; padding_top_2=\u00bb10vw\u00bb module_id=\u00bbcontacto\u00bb _builder_version=\u00bb4.23.1&#8243; _module_preset=\u00bbdefault\u00bb background_color=\u00bb#FF8800&#8243; background_image=\u00bbhttps:\/\/aktesteatre.com\/wp-content\/uploads\/2023\/11\/Aktes_Bg-1-1.png\u00bb parallax=\u00bbon\u00bb custom_margin=\u00bb0px||0px||true|false\u00bb custom_padding=\u00bb112px|0px|112px|0px|true|false\u00bb top_divider_style=\u00bbslant\u00bb top_divider_color=\u00bb#FFFFFF\u00bb top_divider_height=\u00bb30%\u00bb top_divider_flip=\u00bbhorizontal\u00bb global_module=\u00bb627&#8243; saved_tabs=\u00bball\u00bb global_colors_info=\u00bb{}\u00bb][et_pb_row column_structure=\u00bb1_2,1_2&#8243; make_equal=\u00bbon\u00bb custom_padding_last_edited=\u00bboff|desktop\u00bb _builder_version=\u00bb4.23.1&#8243; _module_preset=\u00bbdefault\u00bb background_color=\u00bbRGBA(255,255,255,0)\u00bb custom_margin=\u00bb0px||0px||false|false\u00bb custom_padding=\u00bb0px||0px||true|false\u00bb custom_padding_tablet=\u00bb32px|32px|32px|32px|true|true\u00bb custom_padding_phone=\u00bb24px|24px|24px|24px|true|true\u00bb custom_css_main_element=\u00bbalign-items: center;\u00bb border_color_all=\u00bb#ffffff\u00bb global_colors_info=\u00bb{}\u00bb][et_pb_column type=\u00bb1_2&#8243; _builder_version=\u00bb4.23.1&#8243; _module_preset=\u00bbdefault\u00bb background_color=\u00bb#8866EE\u00bb custom_padding=\u00bb24px|24px|24px|24px|true|true\u00bb border_radii=\u00bbon|24px|24px|24px|24px\u00bb box_shadow_style=\u00bbpreset1&#8243; box_shadow_vertical=\u00bb60px\u00bb box_shadow_blur=\u00bb80px\u00bb box_shadow_spread=\u00bb-10px\u00bb box_shadow_color=\u00bbrgba(9,0,71,0.15)\u00bb global_colors_info=\u00bb{}\u00bb][et_pb_contact_form captcha=\u00bboff\u00bb email=\u00bbteatrer@yahoo.es\u00bb submit_button_text=\u00bbEnviar\u00bb _builder_version=\u00bb4.23.1&#8243; form_field_background_color=\u00bb#FFFFFF\u00bb form_field_text_color=\u00bbrgba(0,0,0,0.33)\u00bb form_field_focus_background_color=\u00bb#FFFFFF\u00bb form_field_focus_text_color=\u00bb#000000&#8243; form_field_custom_margin=\u00bb0px||0px||true|false\u00bb form_field_custom_padding=\u00bb16px|16px|16px|16px|true|true\u00bb title_level=\u00bbh2&#8243; title_font=\u00bbMontserrat|700|||||||\u00bb title_text_color=\u00bb#ffffff\u00bb title_font_size=\u00bb35px\u00bb title_line_height=\u00bb1.5em\u00bb form_field_font=\u00bb|600|||||||\u00bb custom_button=\u00bbon\u00bb button_text_size=\u00bb18px\u00bb button_text_color=\u00bb#FFFFFF\u00bb button_bg_color=\u00bb#FF8800&#8243; button_border_width=\u00bb0px\u00bb button_border_color=\u00bb#221A80&#8243; button_border_radius=\u00bb28px\u00bb button_font=\u00bbQuicksand||||||||\u00bb button_use_icon=\u00bboff\u00bb button_custom_margin=\u00bb0px|0px|0px|0px|true|true\u00bb button_custom_padding=\u00bb8px|24px|8px|24px|true|true\u00bb custom_padding_tablet=\u00bb50px|40px|50px|40px|true|true\u00bb custom_padding_phone=\u00bb30px|30px|30px|30px|true|true\u00bb custom_padding_last_edited=\u00bboff|phone\u00bb title_font_size_tablet=\u00bb25px\u00bb title_font_size_phone=\u00bb20px\u00bb title_font_size_last_edited=\u00bbon|phone\u00bb border_radii=\u00bbon|10px|10px|10px|10px\u00bb form_background_color=\u00bb#ffffff\u00bb locked=\u00bboff\u00bb global_colors_info=\u00bb{}\u00bb box_shadow_style__hover=\u00bbnone\u00bb box_shadow_style__hover_enabled=\u00bbnone\u00bb box_shadow_color__hover=\u00bbrgba(0,0,0,0.3)\u00bb box_shadow_color__hover_enabled=\u00bbrgba(0,0,0,0.3)\u00bb border_radii__hover=\u00bbon||||\u00bb border_radii__hover_enabled=\u00bbon||||\u00bb][et_pb_contact_field field_id=\u00bbName\u00bb field_title=\u00bbNombre\u00bb fullwidth_field=\u00bbon\u00bb _builder_version=\u00bb4.23.1&#8243; custom_margin=\u00bb||16px||false|false\u00bb global_colors_info=\u00bb{}\u00bb button_text_size__hover_enabled=\u00bboff\u00bb button_one_text_size__hover_enabled=\u00bboff\u00bb button_two_text_size__hover_enabled=\u00bboff\u00bb button_text_color__hover_enabled=\u00bboff\u00bb button_one_text_color__hover_enabled=\u00bboff\u00bb button_two_text_color__hover_enabled=\u00bboff\u00bb button_border_width__hover_enabled=\u00bboff\u00bb button_one_border_width__hover_enabled=\u00bboff\u00bb button_two_border_width__hover_enabled=\u00bboff\u00bb button_border_color__hover_enabled=\u00bboff\u00bb button_one_border_color__hover_enabled=\u00bboff\u00bb button_two_border_color__hover_enabled=\u00bboff\u00bb button_border_radius__hover_enabled=\u00bboff\u00bb button_one_border_radius__hover_enabled=\u00bboff\u00bb button_two_border_radius__hover_enabled=\u00bboff\u00bb button_letter_spacing__hover_enabled=\u00bboff\u00bb button_one_letter_spacing__hover_enabled=\u00bboff\u00bb button_two_letter_spacing__hover_enabled=\u00bboff\u00bb button_bg_color__hover_enabled=\u00bboff\u00bb button_one_bg_color__hover_enabled=\u00bboff\u00bb button_two_bg_color__hover_enabled=\u00bboff\u00bb][\/et_pb_contact_field][et_pb_contact_field field_id=\u00bbmail\u00bb field_title=\u00bbCorreo Electr\u00f3nico\u00bb field_type=\u00bbemail\u00bb fullwidth_field=\u00bbon\u00bb _builder_version=\u00bb4.23.1&#8243; custom_margin=\u00bb||16px||false|false\u00bb global_colors_info=\u00bb{}\u00bb button_text_size__hover_enabled=\u00bboff\u00bb button_one_text_size__hover_enabled=\u00bboff\u00bb button_two_text_size__hover_enabled=\u00bboff\u00bb button_text_color__hover_enabled=\u00bboff\u00bb button_one_text_color__hover_enabled=\u00bboff\u00bb button_two_text_color__hover_enabled=\u00bboff\u00bb button_border_width__hover_enabled=\u00bboff\u00bb button_one_border_width__hover_enabled=\u00bboff\u00bb button_two_border_width__hover_enabled=\u00bboff\u00bb button_border_color__hover_enabled=\u00bboff\u00bb button_one_border_color__hover_enabled=\u00bboff\u00bb button_two_border_color__hover_enabled=\u00bboff\u00bb button_border_radius__hover_enabled=\u00bboff\u00bb button_one_border_radius__hover_enabled=\u00bboff\u00bb button_two_border_radius__hover_enabled=\u00bboff\u00bb button_letter_spacing__hover_enabled=\u00bboff\u00bb button_one_letter_spacing__hover_enabled=\u00bboff\u00bb button_two_letter_spacing__hover_enabled=\u00bboff\u00bb button_bg_color__hover_enabled=\u00bboff\u00bb button_one_bg_color__hover_enabled=\u00bboff\u00bb button_two_bg_color__hover_enabled=\u00bboff\u00bb form_field_text_shadow_style__hover=\u00bbnone\u00bb form_field_text_shadow_style__hover_enabled=\u00bbnone\u00bb form_field_text_shadow_color__hover=\u00bbrgba(0,0,0,0.4)\u00bb form_field_text_shadow_color__hover_enabled=\u00bbrgba(0,0,0,0.4)\u00bb][\/et_pb_contact_field][et_pb_contact_field field_id=\u00bbmessage\u00bb field_title=\u00bbMensaje\u00bb field_type=\u00bbtext\u00bb fullwidth_field=\u00bbon\u00bb _builder_version=\u00bb4.21.0&#8243; custom_margin=\u00bb||30px\u00bb global_colors_info=\u00bb{}\u00bb button_text_size__hover_enabled=\u00bboff\u00bb button_one_text_size__hover_enabled=\u00bboff\u00bb button_two_text_size__hover_enabled=\u00bboff\u00bb button_text_color__hover_enabled=\u00bboff\u00bb button_one_text_color__hover_enabled=\u00bboff\u00bb button_two_text_color__hover_enabled=\u00bboff\u00bb button_border_width__hover_enabled=\u00bboff\u00bb button_one_border_width__hover_enabled=\u00bboff\u00bb button_two_border_width__hover_enabled=\u00bboff\u00bb button_border_color__hover_enabled=\u00bboff\u00bb button_one_border_color__hover_enabled=\u00bboff\u00bb button_two_border_color__hover_enabled=\u00bboff\u00bb button_border_radius__hover_enabled=\u00bboff\u00bb button_one_border_radius__hover_enabled=\u00bboff\u00bb button_two_border_radius__hover_enabled=\u00bboff\u00bb button_letter_spacing__hover_enabled=\u00bboff\u00bb button_one_letter_spacing__hover_enabled=\u00bboff\u00bb button_two_letter_spacing__hover_enabled=\u00bboff\u00bb button_bg_color__hover_enabled=\u00bboff\u00bb button_one_bg_color__hover_enabled=\u00bboff\u00bb button_two_bg_color__hover_enabled=\u00bboff\u00bb][\/et_pb_contact_field][\/et_pb_contact_form][\/et_pb_column][et_pb_column type=\u00bb1_2&#8243; _builder_version=\u00bb4.23.1&#8243; _module_preset=\u00bbdefault\u00bb global_colors_info=\u00bb{}\u00bb][et_pb_text _builder_version=\u00bb4.23.1&#8243; text_font=\u00bb||||||||\u00bb text_line_height=\u00bb1.2em\u00bb header_font=\u00bb||||||||\u00bb header_2_font=\u00bbLivvic||||||||\u00bb header_2_text_color=\u00bb#000000&#8243; header_2_font_size=\u00bb60px\u00bb header_2_letter_spacing=\u00bb1px\u00bb background_layout=\u00bbdark\u00bb max_width=\u00bb800px\u00bb custom_margin=\u00bb0px||0px||true|false\u00bb custom_padding=\u00bb0px||0px||true|false\u00bb text_font_size_tablet=\u00bb\u00bb text_font_size_phone=\u00bb14px\u00bb text_font_size_last_edited=\u00bbon|phone\u00bb header_2_font_size_tablet=\u00bb36px\u00bb header_2_font_size_phone=\u00bb30px\u00bb header_2_font_size_last_edited=\u00bbon|phone\u00bb locked=\u00bboff\u00bb global_colors_info=\u00bb{}\u00bb header_font_size__hover=\u00bb30px\u00bb header_font_size__hover_enabled=\u00bb30px\u00bb header_letter_spacing__hover=\u00bb0px\u00bb header_letter_spacing__hover_enabled=\u00bb0px\u00bb header_text_shadow_style__hover=\u00bbnone\u00bb header_text_shadow_style__hover_enabled=\u00bbnone\u00bb header_text_shadow_color__hover=\u00bbrgba(0,0,0,0.4)\u00bb header_text_shadow_color__hover_enabled=\u00bbrgba(0,0,0,0.4)\u00bb]<\/p>\n<h2>Quieres contactar conmigo?<\/h2>\n<p>Tienes alguna historia que quieras compartir o alguna pregunta sobre nuestras narraciones? Estamos aqu\u00ed para escucharte.<\/p>\n<p><strong>Completa el formulario y en breve nos pondremos en contacto contigo.<\/strong><\/p>\n<p>[\/et_pb_text][\/et_pb_column][\/et_pb_row][\/et_pb_section]<\/p>\n","protected":false},"excerpt":{"rendered":"<p>Talleres creativos<span><span><a href=\"https:\/\/aktesteatre.com\/es\/inicio\/\">Inici<\/a><\/span><\/span> Disponemos de una variedad de talleres pr\u00e1cticos y creativos que pueden complementar otras actividades.Ponte en contacto con nosotros si quieres que m\u00e1s informaci\u00f3n de los talleres.Quieres contactar conmigo? [&hellip;]<\/p>\n","protected":false},"author":1,"featured_media":0,"parent":2266,"menu_order":0,"comment_status":"closed","ping_status":"closed","template":"","meta":{"_et_pb_use_builder":"on","_et_pb_old_content":"","_et_gb_content_width":"","_joinchat":[],"footnotes":""},"class_list":["post-2320","page","type-page","status-publish","hentry"],"yoast_head":"<!-- This site is optimized with the Yoast SEO plugin v21.7 - https:\/\/yoast.com\/wordpress\/plugins\/seo\/ -->\n<title>Espect\u00e1culos - Talleres creativos - Aktesteatre i Blai Senabre<\/title>\n<meta name=\"robots\" content=\"index, follow, max-snippet:-1, max-image-preview:large, max-video-preview:-1\" \/>\n<link rel=\"canonical\" href=\"https:\/\/aktesteatre.com\/es\/espectaculos-aktes\/espectaculos-talleres-creativos\/\" \/>\n<meta property=\"og:locale\" content=\"es_ES\" \/>\n<meta property=\"og:type\" content=\"article\" \/>\n<meta property=\"og:title\" content=\"Espect\u00e1culos - Talleres creativos - Aktesteatre i Blai Senabre\" \/>\n<meta property=\"og:description\" content=\"Talleres creativos Disponemos de una variedad de talleres pr\u00e1cticos y creativos que pueden complementar otras actividades.Ponte en contacto con nosotros si quieres que m\u00e1s informaci\u00f3n de los talleres.Quieres contactar conmigo? [&hellip;]\" \/>\n<meta property=\"og:url\" content=\"https:\/\/aktesteatre.com\/es\/espectaculos-aktes\/espectaculos-talleres-creativos\/\" \/>\n<meta property=\"og:site_name\" content=\"Aktesteatre i Blai Senabre\" \/>\n<meta property=\"article:modified_time\" content=\"2023-12-18T14:55:21+00:00\" \/>\n<meta name=\"twitter:card\" content=\"summary_large_image\" \/>\n<meta name=\"twitter:label1\" content=\"Tiempo de lectura\" \/>\n\t<meta name=\"twitter:data1\" content=\"10 minutos\" \/>\n<script type=\"application\/ld+json\" class=\"yoast-schema-graph\">{\"@context\":\"https:\/\/schema.org\",\"@graph\":[{\"@type\":\"WebPage\",\"@id\":\"https:\/\/aktesteatre.com\/es\/espectaculos-aktes\/espectaculos-talleres-creativos\/\",\"url\":\"https:\/\/aktesteatre.com\/es\/espectaculos-aktes\/espectaculos-talleres-creativos\/\",\"name\":\"Espect\u00e1culos - Talleres creativos - Aktesteatre i Blai Senabre\",\"isPartOf\":{\"@id\":\"https:\/\/aktesteatre.com\/es\/#website\"},\"datePublished\":\"2023-12-18T09:47:16+00:00\",\"dateModified\":\"2023-12-18T14:55:21+00:00\",\"breadcrumb\":{\"@id\":\"https:\/\/aktesteatre.com\/es\/espectaculos-aktes\/espectaculos-talleres-creativos\/#breadcrumb\"},\"inLanguage\":\"es\",\"potentialAction\":[{\"@type\":\"ReadAction\",\"target\":[\"https:\/\/aktesteatre.com\/es\/espectaculos-aktes\/espectaculos-talleres-creativos\/\"]}]},{\"@type\":\"BreadcrumbList\",\"@id\":\"https:\/\/aktesteatre.com\/es\/espectaculos-aktes\/espectaculos-talleres-creativos\/#breadcrumb\",\"itemListElement\":[{\"@type\":\"ListItem\",\"position\":1,\"name\":\"Inici\",\"item\":\"https:\/\/aktesteatre.com\/es\/inicio\/\"},{\"@type\":\"ListItem\",\"position\":2,\"name\":\"Espectacles Aktes\",\"item\":\"https:\/\/aktesteatre.com\/es\/espectaculos-aktes\/\"},{\"@type\":\"ListItem\",\"position\":3,\"name\":\"Espect\u00e1culos &#8211; Talleres creativos\"}]},{\"@type\":\"WebSite\",\"@id\":\"https:\/\/aktesteatre.com\/es\/#website\",\"url\":\"https:\/\/aktesteatre.com\/es\/\",\"name\":\"Aktesteatre i Blai Senabre\",\"description\":\"Alquimista d&#039;il\u00b7lusions\",\"potentialAction\":[{\"@type\":\"SearchAction\",\"target\":{\"@type\":\"EntryPoint\",\"urlTemplate\":\"https:\/\/aktesteatre.com\/es\/?s={search_term_string}\"},\"query-input\":\"required name=search_term_string\"}],\"inLanguage\":\"es\"}]}<\/script>\n<!-- \/ Yoast SEO plugin. -->","yoast_head_json":{"title":"Espect\u00e1culos - Talleres creativos - Aktesteatre i Blai Senabre","robots":{"index":"index","follow":"follow","max-snippet":"max-snippet:-1","max-image-preview":"max-image-preview:large","max-video-preview":"max-video-preview:-1"},"canonical":"https:\/\/aktesteatre.com\/es\/espectaculos-aktes\/espectaculos-talleres-creativos\/","og_locale":"es_ES","og_type":"article","og_title":"Espect\u00e1culos - Talleres creativos - Aktesteatre i Blai Senabre","og_description":"Talleres creativos Disponemos de una variedad de talleres pr\u00e1cticos y creativos que pueden complementar otras actividades.Ponte en contacto con nosotros si quieres que m\u00e1s informaci\u00f3n de los talleres.Quieres contactar conmigo? [&hellip;]","og_url":"https:\/\/aktesteatre.com\/es\/espectaculos-aktes\/espectaculos-talleres-creativos\/","og_site_name":"Aktesteatre i Blai Senabre","article_modified_time":"2023-12-18T14:55:21+00:00","twitter_card":"summary_large_image","twitter_misc":{"Tiempo de lectura":"10 minutos"},"schema":{"@context":"https:\/\/schema.org","@graph":[{"@type":"WebPage","@id":"https:\/\/aktesteatre.com\/es\/espectaculos-aktes\/espectaculos-talleres-creativos\/","url":"https:\/\/aktesteatre.com\/es\/espectaculos-aktes\/espectaculos-talleres-creativos\/","name":"Espect\u00e1culos - Talleres creativos - Aktesteatre i Blai Senabre","isPartOf":{"@id":"https:\/\/aktesteatre.com\/es\/#website"},"datePublished":"2023-12-18T09:47:16+00:00","dateModified":"2023-12-18T14:55:21+00:00","breadcrumb":{"@id":"https:\/\/aktesteatre.com\/es\/espectaculos-aktes\/espectaculos-talleres-creativos\/#breadcrumb"},"inLanguage":"es","potentialAction":[{"@type":"ReadAction","target":["https:\/\/aktesteatre.com\/es\/espectaculos-aktes\/espectaculos-talleres-creativos\/"]}]},{"@type":"BreadcrumbList","@id":"https:\/\/aktesteatre.com\/es\/espectaculos-aktes\/espectaculos-talleres-creativos\/#breadcrumb","itemListElement":[{"@type":"ListItem","position":1,"name":"Inici","item":"https:\/\/aktesteatre.com\/es\/inicio\/"},{"@type":"ListItem","position":2,"name":"Espectacles Aktes","item":"https:\/\/aktesteatre.com\/es\/espectaculos-aktes\/"},{"@type":"ListItem","position":3,"name":"Espect\u00e1culos &#8211; Talleres creativos"}]},{"@type":"WebSite","@id":"https:\/\/aktesteatre.com\/es\/#website","url":"https:\/\/aktesteatre.com\/es\/","name":"Aktesteatre i Blai Senabre","description":"Alquimista d&#039;il\u00b7lusions","potentialAction":[{"@type":"SearchAction","target":{"@type":"EntryPoint","urlTemplate":"https:\/\/aktesteatre.com\/es\/?s={search_term_string}"},"query-input":"required name=search_term_string"}],"inLanguage":"es"}]}},"_links":{"self":[{"href":"https:\/\/aktesteatre.com\/es\/wp-json\/wp\/v2\/pages\/2320","targetHints":{"allow":["GET"]}}],"collection":[{"href":"https:\/\/aktesteatre.com\/es\/wp-json\/wp\/v2\/pages"}],"about":[{"href":"https:\/\/aktesteatre.com\/es\/wp-json\/wp\/v2\/types\/page"}],"author":[{"embeddable":true,"href":"https:\/\/aktesteatre.com\/es\/wp-json\/wp\/v2\/users\/1"}],"replies":[{"embeddable":true,"href":"https:\/\/aktesteatre.com\/es\/wp-json\/wp\/v2\/comments?post=2320"}],"version-history":[{"count":17,"href":"https:\/\/aktesteatre.com\/es\/wp-json\/wp\/v2\/pages\/2320\/revisions"}],"predecessor-version":[{"id":2585,"href":"https:\/\/aktesteatre.com\/es\/wp-json\/wp\/v2\/pages\/2320\/revisions\/2585"}],"up":[{"embeddable":true,"href":"https:\/\/aktesteatre.com\/es\/wp-json\/wp\/v2\/pages\/2266"}],"wp:attachment":[{"href":"https:\/\/aktesteatre.com\/es\/wp-json\/wp\/v2\/media?parent=2320"}],"curies":[{"name":"wp","href":"https:\/\/api.w.org\/{rel}","templated":true}]}}